{"id":751,"date":"2022-05-08T20:05:02","date_gmt":"2022-05-08T18:05:02","guid":{"rendered":"https:\/\/erosaram.hu\/?page_id=751"},"modified":"2022-05-08T20:14:05","modified_gmt":"2022-05-08T18:14:05","slug":"egyeb-forgalmazott-termekek","status":"publish","type":"page","link":"https:\/\/erosaram.hu\/en\/egyeb-forgalmazott-termekek\/","title":{"rendered":"Other partners"},"content":{"rendered":"<div data-elementor-type=\"wp-page\" data-elementor-id=\"751\" class=\"elementor elementor-751\" data-elementor-post-type=\"page\">\n\t\t\t\t\t\t<section class=\"elementor-section elementor-top-section elementor-element elementor-element-402cca44 elementor-section-boxed elementor-section-height-default elementor-section-height-default\" data-id=\"402cca44\" data-element_type=\"section\">\n\t\t\t\t\t\t<div class=\"elementor-container elementor-column-gap-default\">\n\t\t\t\t\t<div class=\"elementor-column elementor-col-100 elementor-top-column elementor-element elementor-element-2f207bbf\" data-id=\"2f207bbf\" data-element_type=\"column\">\n\t\t\t<div class=\"elementor-widget-wrap elementor-element-populated\">\n\t\t\t\t\t\t<section class=\"elementor-section elementor-inner-section elementor-element elementor-element-71e700fb elementor-section-boxed elementor-section-height-default elementor-section-height-default\" data-id=\"71e700fb\" data-element_type=\"section\">\n\t\t\t\t\t\t<div class=\"elementor-container elementor-column-gap-default\">\n\t\t\t\t\t<div class=\"elementor-column elementor-col-100 elementor-inner-column elementor-element elementor-element-6fc36576\" data-id=\"6fc36576\" data-element_type=\"column\">\n\t\t\t<div class=\"elementor-widget-wrap\">\n\t\t\t\t\t\t\t<\/div>\n\t\t<\/div>\n\t\t\t\t\t<\/div>\n\t\t<\/section>\n\t\t\t\t\t<\/div>\n\t\t<\/div>\n\t\t\t\t\t<\/div>\n\t\t<\/section>\n\t\t\t\t<\/div>","protected":false},"excerpt":{"rendered":"<p>Katal\u00f3gusok &#8211; Egy\u00e9b forgalmazott term\u00e9kek 20kV-os von\u00f3szigetel\u0151 35kV-os_von\u00f3 Porcel\u00e1n szigetel\u0151k katal\u00f3gusa RS s\u00edntart\u00f3k tvezet\u0151 szigetel\u0151k katal\u00f3gus<\/p>","protected":false},"author":1,"featured_media":0,"parent":0,"menu_order":0,"comment_status":"closed","ping_status":"closed","template":"","meta":{"_seopress_robots_primary_cat":"","_seopress_titles_title":"","_seopress_titles_desc":"","_seopress_robots_index":"","footnotes":""},"class_list":["post-751","page","type-page","status-publish","hentry","entry"],"_links":{"self":[{"href":"https:\/\/erosaram.hu\/en\/wp-json\/wp\/v2\/pages\/751","targetHints":{"allow":["GET"]}}],"collection":[{"href":"https:\/\/erosaram.hu\/en\/wp-json\/wp\/v2\/pages"}],"about":[{"href":"https:\/\/erosaram.hu\/en\/wp-json\/wp\/v2\/types\/page"}],"author":[{"embeddable":true,"href":"https:\/\/erosaram.hu\/en\/wp-json\/wp\/v2\/users\/1"}],"replies":[{"embeddable":true,"href":"https:\/\/erosaram.hu\/en\/wp-json\/wp\/v2\/comments?post=751"}],"version-history":[{"count":4,"href":"https:\/\/erosaram.hu\/en\/wp-json\/wp\/v2\/pages\/751\/revisions"}],"predecessor-version":[{"id":760,"href":"https:\/\/erosaram.hu\/en\/wp-json\/wp\/v2\/pages\/751\/revisions\/760"}],"wp:attachment":[{"href":"https:\/\/erosaram.hu\/en\/wp-json\/wp\/v2\/media?parent=751"}],"curies":[{"name":"wp","href":"https:\/\/api.w.org\/{rel}","templated":true}]}}