{"id":690,"date":"2022-05-05T23:41:59","date_gmt":"2022-05-05T21:41:59","guid":{"rendered":"https:\/\/erosaram.hu\/?page_id=690"},"modified":"2022-05-05T23:48:38","modified_gmt":"2022-05-05T21:48:38","slug":"sipronika-d-o-o","status":"publish","type":"page","link":"https:\/\/erosaram.hu\/en\/partnereink\/sipronika-d-o-o\/","title":{"rendered":"Sipronika d.o.o."},"content":{"rendered":"<div data-elementor-type=\"wp-page\" data-elementor-id=\"690\" class=\"elementor elementor-690\" data-elementor-post-type=\"page\">\n\t\t\t\t\t\t<section class=\"elementor-section elementor-top-section elementor-element elementor-element-53959c36 elementor-section-boxed elementor-section-height-default elementor-section-height-default\" data-id=\"53959c36\" data-element_type=\"section\">\n\t\t\t\t\t\t<div class=\"elementor-container elementor-column-gap-default\">\n\t\t\t\t\t<div class=\"elementor-column elementor-col-100 elementor-top-column elementor-element elementor-element-50939072\" data-id=\"50939072\" data-element_type=\"column\">\n\t\t\t<div class=\"elementor-widget-wrap elementor-element-populated\">\n\t\t\t\t\t\t<section class=\"elementor-section elementor-inner-section elementor-element elementor-element-427a1574 elementor-section-boxed elementor-section-height-default elementor-section-height-default\" data-id=\"427a1574\" data-element_type=\"section\">\n\t\t\t\t\t\t<div class=\"elementor-container elementor-column-gap-default\">\n\t\t\t\t\t<div class=\"elementor-column elementor-col-50 elementor-inner-column elementor-element elementor-element-3bf4e170\" data-id=\"3bf4e170\" data-element_type=\"column\">\n\t\t\t<div class=\"elementor-widget-wrap\">\n\t\t\t\t\t\t\t<\/div>\n\t\t<\/div>\n\t\t\t\t<div class=\"elementor-column elementor-col-50 elementor-inner-column elementor-element elementor-element-5f637a78\" data-id=\"5f637a78\" data-element_type=\"column\">\n\t\t\t<div class=\"elementor-widget-wrap elementor-element-populated\">\n\t\t\t\t\t\t<div class=\"elementor-element elementor-element-5ff6a381 elementor-widget elementor-widget-image\" data-id=\"5ff6a381\" data-element_type=\"widget\" data-widget_type=\"image.default\">\n\t\t\t\t<div class=\"elementor-widget-container\">\n\t\t\t\t\t\t\t\t\t\t\t\t\t\t\t<img decoding=\"async\" width=\"240\" height=\"42\" src=\"https:\/\/erosaram.hu\/wp-content\/uploads\/2021\/10\/sipronika_logo.png\" class=\"attachment-large size-large wp-image-688\" alt=\"\" srcset=\"https:\/\/erosaram.hu\/wp-content\/uploads\/2021\/10\/sipronika_logo.png 240w, https:\/\/erosaram.hu\/wp-content\/uploads\/2021\/10\/sipronika_logo-18x3.png 18w\" sizes=\"(max-width: 240px) 100vw, 240px\" style=\"width:100%;height:17.5%;max-width:240px\" \/>\t\t\t\t\t\t\t\t\t\t\t\t\t\t\t<\/div>\n\t\t\t\t<\/div>\n\t\t\t\t\t<\/div>\n\t\t<\/div>\n\t\t\t\t\t<\/div>\n\t\t<\/section>\n\t\t\t\t\t<\/div>\n\t\t<\/div>\n\t\t\t\t\t<\/div>\n\t\t<\/section>\n\t\t\t\t<\/div>","protected":false},"excerpt":{"rendered":"<p>Katal\u00f3gusok &#8211; Sipronika d.o.o. HU_LOK200-z\u00e1rlatjelz\u0151_1-1_21-10-06 KI20_brochure_ENG5a Sipronika-_LOK200_Disturbance_report_example Sipronika_LOK200_Disturbance_example2_Eng<\/p>","protected":false},"author":1,"featured_media":0,"parent":316,"menu_order":0,"comment_status":"closed","ping_status":"closed","template":"","meta":{"_seopress_robots_primary_cat":"","_seopress_titles_title":"","_seopress_titles_desc":"","_seopress_robots_index":"","footnotes":""},"class_list":["post-690","page","type-page","status-publish","hentry","entry"],"_links":{"self":[{"href":"https:\/\/erosaram.hu\/en\/wp-json\/wp\/v2\/pages\/690","targetHints":{"allow":["GET"]}}],"collection":[{"href":"https:\/\/erosaram.hu\/en\/wp-json\/wp\/v2\/pages"}],"about":[{"href":"https:\/\/erosaram.hu\/en\/wp-json\/wp\/v2\/types\/page"}],"author":[{"embeddable":true,"href":"https:\/\/erosaram.hu\/en\/wp-json\/wp\/v2\/users\/1"}],"replies":[{"embeddable":true,"href":"https:\/\/erosaram.hu\/en\/wp-json\/wp\/v2\/comments?post=690"}],"version-history":[{"count":4,"href":"https:\/\/erosaram.hu\/en\/wp-json\/wp\/v2\/pages\/690\/revisions"}],"predecessor-version":[{"id":700,"href":"https:\/\/erosaram.hu\/en\/wp-json\/wp\/v2\/pages\/690\/revisions\/700"}],"up":[{"embeddable":true,"href":"https:\/\/erosaram.hu\/en\/wp-json\/wp\/v2\/pages\/316"}],"wp:attachment":[{"href":"https:\/\/erosaram.hu\/en\/wp-json\/wp\/v2\/media?parent=690"}],"curies":[{"name":"wp","href":"https:\/\/api.w.org\/{rel}","templated":true}]}}