{"id":606,"date":"2022-05-04T21:06:04","date_gmt":"2022-05-04T19:06:04","guid":{"rendered":"https:\/\/erosaram.hu\/?page_id=606"},"modified":"2022-05-04T21:12:23","modified_gmt":"2022-05-04T19:12:23","slug":"iskra-d-o-o","status":"publish","type":"page","link":"https:\/\/erosaram.hu\/en\/partnereink\/iskra-d-o-o\/","title":{"rendered":"ISKRA d.o.o."},"content":{"rendered":"<div data-elementor-type=\"wp-page\" data-elementor-id=\"606\" class=\"elementor elementor-606\" data-elementor-post-type=\"page\">\n\t\t\t\t\t\t<section class=\"elementor-section elementor-top-section elementor-element elementor-element-429e97c7 elementor-section-boxed elementor-section-height-default elementor-section-height-default\" data-id=\"429e97c7\" data-element_type=\"section\">\n\t\t\t\t\t\t<div class=\"elementor-container elementor-column-gap-default\">\n\t\t\t\t\t<div class=\"elementor-column elementor-col-100 elementor-top-column elementor-element elementor-element-67a58c34\" data-id=\"67a58c34\" data-element_type=\"column\">\n\t\t\t<div class=\"elementor-widget-wrap elementor-element-populated\">\n\t\t\t\t\t\t<section class=\"elementor-section elementor-inner-section elementor-element elementor-element-48b56f8f elementor-section-boxed elementor-section-height-default elementor-section-height-default\" data-id=\"48b56f8f\" data-element_type=\"section\">\n\t\t\t\t\t\t<div class=\"elementor-container elementor-column-gap-default\">\n\t\t\t\t\t<div class=\"elementor-column elementor-col-50 elementor-inner-column elementor-element elementor-element-6bd7268e\" data-id=\"6bd7268e\" data-element_type=\"column\">\n\t\t\t<div class=\"elementor-widget-wrap\">\n\t\t\t\t\t\t\t<\/div>\n\t\t<\/div>\n\t\t\t\t<div class=\"elementor-column elementor-col-50 elementor-inner-column elementor-element elementor-element-d252e7d\" data-id=\"d252e7d\" data-element_type=\"column\">\n\t\t\t<div class=\"elementor-widget-wrap elementor-element-populated\">\n\t\t\t\t\t\t<div class=\"elementor-element elementor-element-26e5350a elementor-widget elementor-widget-image\" data-id=\"26e5350a\" data-element_type=\"widget\" data-widget_type=\"image.default\">\n\t\t\t\t<div class=\"elementor-widget-container\">\n\t\t\t\t\t\t\t\t\t\t\t\t\t\t\t<img decoding=\"async\" width=\"340\" height=\"88\" src=\"https:\/\/erosaram.hu\/wp-content\/uploads\/2021\/10\/iskra_logo.png\" class=\"attachment-large size-large wp-image-198\" alt=\"\" srcset=\"https:\/\/erosaram.hu\/wp-content\/uploads\/2021\/10\/iskra_logo.png 340w, https:\/\/erosaram.hu\/wp-content\/uploads\/2021\/10\/iskra_logo-300x78.png 300w\" sizes=\"(max-width: 340px) 100vw, 340px\" style=\"width:100%;height:25.88%;max-width:340px\" \/>\t\t\t\t\t\t\t\t\t\t\t\t\t\t\t<\/div>\n\t\t\t\t<\/div>\n\t\t\t\t\t<\/div>\n\t\t<\/div>\n\t\t\t\t\t<\/div>\n\t\t<\/section>\n\t\t\t\t\t<\/div>\n\t\t<\/div>\n\t\t\t\t\t<\/div>\n\t\t<\/section>\n\t\t\t\t<\/div>","protected":false},"excerpt":{"rendered":"<p>Katal\u00f3gusok &#8211; ISKRA d.o.o. About Iskra MIS_1.2 Antenna systems Antenna systems desktop Batteries Batteries Thumbs desktop Capacitors Capacitors Selelection Guide Capacitors for Use in Electronics Catalogue Capacitors LV-HV 2012 DC link capacitors in alluminium housing DC link capacitors in plastic housing DRY capacitors HV Power Induction Heating KIF \u00e9s K\u00d6F kondenz\u00e1torok, f\u00e1zisjav\u00edt\u00f3 eszk\u00f6z\u00f6k K\u00d6F komplett&hellip; <a class=\"more-link\" href=\"https:\/\/erosaram.hu\/en\/partnereink\/iskra-d-o-o\/\">Continue reading <span class=\"screen-reader-text\">ISKRA d.o.o.<\/span><\/a><\/p>","protected":false},"author":1,"featured_media":0,"parent":316,"menu_order":0,"comment_status":"closed","ping_status":"closed","template":"","meta":{"_seopress_robots_primary_cat":"","_seopress_titles_title":"","_seopress_titles_desc":"","_seopress_robots_index":"","footnotes":""},"class_list":["post-606","page","type-page","status-publish","hentry","entry"],"_links":{"self":[{"href":"https:\/\/erosaram.hu\/en\/wp-json\/wp\/v2\/pages\/606","targetHints":{"allow":["GET"]}}],"collection":[{"href":"https:\/\/erosaram.hu\/en\/wp-json\/wp\/v2\/pages"}],"about":[{"href":"https:\/\/erosaram.hu\/en\/wp-json\/wp\/v2\/types\/page"}],"author":[{"embeddable":true,"href":"https:\/\/erosaram.hu\/en\/wp-json\/wp\/v2\/users\/1"}],"replies":[{"embeddable":true,"href":"https:\/\/erosaram.hu\/en\/wp-json\/wp\/v2\/comments?post=606"}],"version-history":[{"count":10,"href":"https:\/\/erosaram.hu\/en\/wp-json\/wp\/v2\/pages\/606\/revisions"}],"predecessor-version":[{"id":624,"href":"https:\/\/erosaram.hu\/en\/wp-json\/wp\/v2\/pages\/606\/revisions\/624"}],"up":[{"embeddable":true,"href":"https:\/\/erosaram.hu\/en\/wp-json\/wp\/v2\/pages\/316"}],"wp:attachment":[{"href":"https:\/\/erosaram.hu\/en\/wp-json\/wp\/v2\/media?parent=606"}],"curies":[{"name":"wp","href":"https:\/\/api.w.org\/{rel}","templated":true}]}}