{"id":566,"date":"2022-05-04T20:40:50","date_gmt":"2022-05-04T18:40:50","guid":{"rendered":"https:\/\/erosaram.hu\/?page_id=566"},"modified":"2022-05-04T21:04:53","modified_gmt":"2022-05-04T19:04:53","slug":"koncar-switchgear-ltd","status":"publish","type":"page","link":"https:\/\/erosaram.hu\/en\/partnereink\/koncar-switchgear-ltd\/","title":{"rendered":"KON\u010cAR &#8211; Switchgear Ltd."},"content":{"rendered":"<div data-elementor-type=\"wp-page\" data-elementor-id=\"566\" class=\"elementor elementor-566\" data-elementor-post-type=\"page\">\n\t\t\t\t\t\t<section class=\"elementor-section elementor-top-section elementor-element elementor-element-6364a0ed elementor-section-boxed elementor-section-height-default elementor-section-height-default\" data-id=\"6364a0ed\" data-element_type=\"section\">\n\t\t\t\t\t\t<div class=\"elementor-container elementor-column-gap-default\">\n\t\t\t\t\t<div class=\"elementor-column elementor-col-100 elementor-top-column elementor-element elementor-element-2c7687a2\" data-id=\"2c7687a2\" data-element_type=\"column\">\n\t\t\t<div class=\"elementor-widget-wrap elementor-element-populated\">\n\t\t\t\t\t\t<section class=\"elementor-section elementor-inner-section elementor-element elementor-element-672b064a elementor-section-boxed elementor-section-height-default elementor-section-height-default\" data-id=\"672b064a\" data-element_type=\"section\">\n\t\t\t\t\t\t<div class=\"elementor-container elementor-column-gap-default\">\n\t\t\t\t\t<div class=\"elementor-column elementor-col-50 elementor-inner-column elementor-element elementor-element-54dbda46\" data-id=\"54dbda46\" data-element_type=\"column\">\n\t\t\t<div class=\"elementor-widget-wrap\">\n\t\t\t\t\t\t\t<\/div>\n\t\t<\/div>\n\t\t\t\t<div class=\"elementor-column elementor-col-50 elementor-inner-column elementor-element elementor-element-1e63aae\" data-id=\"1e63aae\" data-element_type=\"column\">\n\t\t\t<div class=\"elementor-widget-wrap elementor-element-populated\">\n\t\t\t\t\t\t<div class=\"elementor-element elementor-element-49ffa8a elementor-widget elementor-widget-image\" data-id=\"49ffa8a\" data-element_type=\"widget\" data-widget_type=\"image.default\">\n\t\t\t\t<div class=\"elementor-widget-container\">\n\t\t\t\t\t\t\t\t\t\t\t\t\t\t\t<img fetchpriority=\"high\" decoding=\"async\" width=\"530\" height=\"137\" src=\"https:\/\/erosaram.hu\/wp-content\/uploads\/2021\/10\/koncar_switchgear.png\" class=\"attachment-large size-large wp-image-281\" alt=\"\" srcset=\"https:\/\/erosaram.hu\/wp-content\/uploads\/2021\/10\/koncar_switchgear.png 530w, https:\/\/erosaram.hu\/wp-content\/uploads\/2021\/10\/koncar_switchgear-300x78.png 300w\" sizes=\"(max-width: 530px) 100vw, 530px\" style=\"width:100%;height:25.85%;max-width:530px\" \/>\t\t\t\t\t\t\t\t\t\t\t\t\t\t\t<\/div>\n\t\t\t\t<\/div>\n\t\t\t\t\t<\/div>\n\t\t<\/div>\n\t\t\t\t\t<\/div>\n\t\t<\/section>\n\t\t\t\t\t<\/div>\n\t\t<\/div>\n\t\t\t\t\t<\/div>\n\t\t<\/section>\n\t\t\t\t<\/div>","protected":false},"excerpt":{"rendered":"<p>Katal\u00f3gusok &#8211; Kon\u010dar Switchgear Ltd. BASIC FEATURES OF K8D.6-N KONCAR-SWITCHGEAR Brochure 2018. KON\u010cAR SF6 megszak\u00edt\u00f3k 245-550kV_Hu_II (OK) KON\u010cAR SF6 megszak\u00edt\u00f3k 72.5-300kV_Hu_II (OK) KON\u010cAR szakaszol\u00f3k \u00e9s f\u00f6ldel\u0151 kapcsol\u00f3k 72,5 &#8211; 550 kV_HU<\/p>","protected":false},"author":1,"featured_media":0,"parent":316,"menu_order":0,"comment_status":"closed","ping_status":"closed","template":"","meta":{"_seopress_robots_primary_cat":"","_seopress_titles_title":"","_seopress_titles_desc":"","_seopress_robots_index":"","footnotes":""},"class_list":["post-566","page","type-page","status-publish","hentry","entry"],"_links":{"self":[{"href":"https:\/\/erosaram.hu\/en\/wp-json\/wp\/v2\/pages\/566","targetHints":{"allow":["GET"]}}],"collection":[{"href":"https:\/\/erosaram.hu\/en\/wp-json\/wp\/v2\/pages"}],"about":[{"href":"https:\/\/erosaram.hu\/en\/wp-json\/wp\/v2\/types\/page"}],"author":[{"embeddable":true,"href":"https:\/\/erosaram.hu\/en\/wp-json\/wp\/v2\/users\/1"}],"replies":[{"embeddable":true,"href":"https:\/\/erosaram.hu\/en\/wp-json\/wp\/v2\/comments?post=566"}],"version-history":[{"count":10,"href":"https:\/\/erosaram.hu\/en\/wp-json\/wp\/v2\/pages\/566\/revisions"}],"predecessor-version":[{"id":605,"href":"https:\/\/erosaram.hu\/en\/wp-json\/wp\/v2\/pages\/566\/revisions\/605"}],"up":[{"embeddable":true,"href":"https:\/\/erosaram.hu\/en\/wp-json\/wp\/v2\/pages\/316"}],"wp:attachment":[{"href":"https:\/\/erosaram.hu\/en\/wp-json\/wp\/v2\/media?parent=566"}],"curies":[{"name":"wp","href":"https:\/\/api.w.org\/{rel}","templated":true}]}}