{"id":360,"date":"2022-04-28T22:36:11","date_gmt":"2022-04-28T20:36:11","guid":{"rendered":"https:\/\/erosaram.hu\/?page_id=360"},"modified":"2022-05-04T20:35:00","modified_gmt":"2022-05-04T18:35:00","slug":"koncar-instrument-transformers-inc","status":"publish","type":"page","link":"https:\/\/erosaram.hu\/en\/partnereink\/koncar-instrument-transformers-inc\/","title":{"rendered":"KON\u010cAR Instrument Transformers Inc."},"content":{"rendered":"<div data-elementor-type=\"wp-page\" data-elementor-id=\"360\" class=\"elementor elementor-360\" data-elementor-post-type=\"page\">\n\t\t\t\t\t\t<section class=\"elementor-section elementor-top-section elementor-element elementor-element-95e9b5c elementor-section-boxed elementor-section-height-default elementor-section-height-default\" data-id=\"95e9b5c\" data-element_type=\"section\">\n\t\t\t\t\t\t<div class=\"elementor-container elementor-column-gap-default\">\n\t\t\t\t\t<div class=\"elementor-column elementor-col-100 elementor-top-column elementor-element elementor-element-71426ba\" data-id=\"71426ba\" data-element_type=\"column\">\n\t\t\t<div class=\"elementor-widget-wrap elementor-element-populated\">\n\t\t\t\t\t\t<section class=\"elementor-section elementor-inner-section elementor-element elementor-element-7113dec elementor-section-boxed elementor-section-height-default elementor-section-height-default\" data-id=\"7113dec\" data-element_type=\"section\">\n\t\t\t\t\t\t<div class=\"elementor-container elementor-column-gap-default\">\n\t\t\t\t\t<div class=\"elementor-column elementor-col-50 elementor-inner-column elementor-element elementor-element-2ff6942\" data-id=\"2ff6942\" data-element_type=\"column\">\n\t\t\t<div class=\"elementor-widget-wrap elementor-element-populated\">\n\t\t\t\t\t\t<div class=\"elementor-element elementor-element-b4e3d5d elementor-widget elementor-widget-video\" data-id=\"b4e3d5d\" data-element_type=\"widget\" data-settings=\"{&quot;youtube_url&quot;:&quot;https:\\\/\\\/www.youtube.com\\\/watch?v=8c5a5k8L-Q0&quot;,&quot;autoplay&quot;:&quot;yes&quot;,&quot;video_type&quot;:&quot;youtube&quot;,&quot;controls&quot;:&quot;yes&quot;}\" data-widget_type=\"video.default\">\n\t\t\t\t<div class=\"elementor-widget-container\">\n\t\t\t\t\t\t\t<div class=\"elementor-wrapper elementor-open-inline\">\n\t\t\t<div class=\"elementor-video\"><\/div>\t\t<\/div>\n\t\t\t\t\t\t<\/div>\n\t\t\t\t<\/div>\n\t\t\t\t\t<\/div>\n\t\t<\/div>\n\t\t\t\t<div class=\"elementor-column elementor-col-50 elementor-inner-column elementor-element elementor-element-20324af\" data-id=\"20324af\" data-element_type=\"column\">\n\t\t\t<div class=\"elementor-widget-wrap elementor-element-populated\">\n\t\t\t\t\t\t<div class=\"elementor-element elementor-element-a0db03b elementor-widget elementor-widget-image\" data-id=\"a0db03b\" data-element_type=\"widget\" data-widget_type=\"image.default\">\n\t\t\t\t<div class=\"elementor-widget-container\">\n\t\t\t\t\t\t\t\t\t\t\t\t\t\t\t<img decoding=\"async\" width=\"227\" height=\"108\" src=\"https:\/\/erosaram.hu\/wp-content\/uploads\/2021\/10\/koncar_istrument_transformers.jpg\" class=\"attachment-large size-large wp-image-279\" alt=\"KON\u010cAR Instrument Transformers\" style=\"width:100%;height:47.58%;max-width:227px\" \/>\t\t\t\t\t\t\t\t\t\t\t\t\t\t\t<\/div>\n\t\t\t\t<\/div>\n\t\t\t\t\t<\/div>\n\t\t<\/div>\n\t\t\t\t\t<\/div>\n\t\t<\/section>\n\t\t\t\t\t<\/div>\n\t\t<\/div>\n\t\t\t\t\t<\/div>\n\t\t<\/section>\n\t\t\t\t<\/div>","protected":false},"excerpt":{"rendered":"<p>Katal\u00f3gusok &#8211; Kon\u010dar Instrument Transformers Inc. AGU_Hu KON\u010cAR_Belt\u00e9ri_K\u00d6F_fesz\u00fclts\u00e9gv\u00e1lt\u00f3k KON\u010cAR_Belt\u00e9ri_K\u00d6F_\u00e1ramv\u00e1lt\u00f3k KON\u010cAR_K\u00fclt\u00e9ri_K\u00d6F_fesz\u00fclts\u00e9gv\u00e1lt\u00f3k KON\u010cAR_K\u00fclt\u00e9ri_K\u00d6F_\u00e1ramv\u00e1lt\u00f3k VAU_Hu VCU_Hu VPU_Hu<\/p>","protected":false},"author":1,"featured_media":0,"parent":316,"menu_order":0,"comment_status":"closed","ping_status":"closed","template":"","meta":{"_seopress_robots_primary_cat":"","_seopress_titles_title":"","_seopress_titles_desc":"","_seopress_robots_index":"","footnotes":""},"class_list":["post-360","page","type-page","status-publish","hentry","entry"],"_links":{"self":[{"href":"https:\/\/erosaram.hu\/en\/wp-json\/wp\/v2\/pages\/360","targetHints":{"allow":["GET"]}}],"collection":[{"href":"https:\/\/erosaram.hu\/en\/wp-json\/wp\/v2\/pages"}],"about":[{"href":"https:\/\/erosaram.hu\/en\/wp-json\/wp\/v2\/types\/page"}],"author":[{"embeddable":true,"href":"https:\/\/erosaram.hu\/en\/wp-json\/wp\/v2\/users\/1"}],"replies":[{"embeddable":true,"href":"https:\/\/erosaram.hu\/en\/wp-json\/wp\/v2\/comments?post=360"}],"version-history":[{"count":31,"href":"https:\/\/erosaram.hu\/en\/wp-json\/wp\/v2\/pages\/360\/revisions"}],"predecessor-version":[{"id":561,"href":"https:\/\/erosaram.hu\/en\/wp-json\/wp\/v2\/pages\/360\/revisions\/561"}],"up":[{"embeddable":true,"href":"https:\/\/erosaram.hu\/en\/wp-json\/wp\/v2\/pages\/316"}],"wp:attachment":[{"href":"https:\/\/erosaram.hu\/en\/wp-json\/wp\/v2\/media?parent=360"}],"curies":[{"name":"wp","href":"https:\/\/api.w.org\/{rel}","templated":true}]}}