{"id":22,"date":"2021-10-03T12:40:17","date_gmt":"2021-10-03T10:40:17","guid":{"rendered":"http:\/\/erosaram.hu\/?page_id=22"},"modified":"2021-10-03T12:40:17","modified_gmt":"2021-10-03T10:40:17","slug":"elerhetoseg","status":"publish","type":"page","link":"https:\/\/erosaram.hu\/en\/elerhetoseg\/","title":{"rendered":"El\u00e9rhet\u0151s\u00e9g"},"content":{"rendered":"<p>Ez egy n\u00e9h\u00e1ny kapcsolati adatot, mint pl. c\u00edm, telefonsz\u00e1m, tartalmaz\u00f3 oldal. Lehet b\u0151v\u00edtm\u00e9nyt is haszn\u00e1lni egy kapcsolati \u0171rlap beilleszt\u00e9s\u00e9hez.<\/p>","protected":false},"excerpt":{"rendered":"<p>Ez egy n\u00e9h\u00e1ny kapcsolati adatot, mint pl. c\u00edm, telefonsz\u00e1m, tartalmaz\u00f3 oldal. Lehet b\u0151v\u00edtm\u00e9nyt is haszn\u00e1lni egy kapcsolati \u0171rlap beilleszt\u00e9s\u00e9hez.<\/p>","protected":false},"author":1,"featured_media":0,"parent":0,"menu_order":0,"comment_status":"closed","ping_status":"closed","template":"","meta":{"_seopress_robots_primary_cat":"","_seopress_titles_title":"","_seopress_titles_desc":"","_seopress_robots_index":"","footnotes":""},"class_list":["post-22","page","type-page","status-publish","hentry","entry"],"_links":{"self":[{"href":"https:\/\/erosaram.hu\/en\/wp-json\/wp\/v2\/pages\/22","targetHints":{"allow":["GET"]}}],"collection":[{"href":"https:\/\/erosaram.hu\/en\/wp-json\/wp\/v2\/pages"}],"about":[{"href":"https:\/\/erosaram.hu\/en\/wp-json\/wp\/v2\/types\/page"}],"author":[{"embeddable":true,"href":"https:\/\/erosaram.hu\/en\/wp-json\/wp\/v2\/users\/1"}],"replies":[{"embeddable":true,"href":"https:\/\/erosaram.hu\/en\/wp-json\/wp\/v2\/comments?post=22"}],"version-history":[{"count":1,"href":"https:\/\/erosaram.hu\/en\/wp-json\/wp\/v2\/pages\/22\/revisions"}],"predecessor-version":[{"id":27,"href":"https:\/\/erosaram.hu\/en\/wp-json\/wp\/v2\/pages\/22\/revisions\/27"}],"wp:attachment":[{"href":"https:\/\/erosaram.hu\/en\/wp-json\/wp\/v2\/media?parent=22"}],"curies":[{"name":"wp","href":"https:\/\/api.w.org\/{rel}","templated":true}]}}